{"id":3091,"date":"2022-03-10T09:19:41","date_gmt":"2022-03-10T09:19:41","guid":{"rendered":"https:\/\/wpm.si\/kontakt\/"},"modified":"2025-09-19T06:48:24","modified_gmt":"2025-09-19T06:48:24","slug":"contact","status":"publish","type":"page","link":"https:\/\/wpm.si\/en\/contact\/","title":{"rendered":"Contact"},"content":{"rendered":"\n\t<section class=\"section custom-bg overlay-gradient dark\" id=\"section_1042721538\">\n\t\t<div class=\"section-bg fill\" >\n\t\t\t<img loading=\"lazy\" decoding=\"async\" width=\"1920\" height=\"1280\" src=\"https:\/\/wpm.si\/wp-content\/uploads\/2022\/03\/woman-g4fbb7af7c_1920.jpg\" class=\"bg attachment- size-\" alt=\"Uspe\u0161nost\" \/>\t\t\t\t\t\t\n\t\t\t\n\n\t\t<\/div>\n\n\t\t\n\t<div class=\"ux-shape-divider ux-shape-divider--bottom ux-shape-divider--style-waves-opacity-3\">\n\t\t<svg viewBox=\"0 0 1000 300\" xmlns=\"http:\/\/www.w3.org\/2000\/svg\" preserveAspectRatio=\"none\">\n\t<path class=\"ux-shape-fill\" opacity=\"0.05\" d=\"M1014 264V386H206L34 300C34 300 344.42 277.16 436 221C542 156 590 160 704 209C811 255 899.11 214.94 979 346L1014 264Z\"\/>\n\t<path class=\"ux-shape-fill\" opacity=\"0.1\" d=\"M-302 55C-302 55 -66.73 263.25 50 214C178 160 283 116 353 141C445.68 174.1 534.28 256.19 588 249C692.9 235 764.52 75.94 855 131C940.61 183.09 1000 254 1000 254V328L-306 338L-302 55Z\"\/>\n\t<path class=\"ux-shape-fill\" opacity=\"0.15\" d=\"M-286 255C-286 255 -72 152 52 126C176 100 255 155 436 227C581.57 284.91 614.7 277.79 708 227C787 184 1009 3.0001 1093 164C1146 265.63 1031 293 1031 293L924 377L-288 389L-286 255Z\"\/>\n\t<path class=\"ux-shape-fill\" opacity=\"0.3\" d=\"M-24 69C-24 69 275.68 370.66 389 314C397 310 622 316 673 356C690.47 369.7 845 224 890 182C944.8 130.85 1018 92 1078 143C1154.12 207.7 1196 242 1196 242L1184 374L-28 386L-24 69Z\"\/>\n\t<path class=\"ux-shape-fill\" d=\"M-12 201C-12 201 58 284 182 258C306 232 342.29 221.23 456 264C565 305 640.82 288.36 721 249C776 222 837.5 191.31 935 253C984 284 1030 279 1030 279L1024 430L-12 440V201Z\"\/>\n<\/svg>\n\t<\/div>\n\n\t\t<div class=\"section-content relative\">\n\t\t\t\n<div class=\"row row-large\" style=\"max-width:1359px\" id=\"row-1387152896\">\n\n\t<div id=\"col-1747160817\" class=\"col small-12 large-12\"  >\n\t\t\t\t<div class=\"col-inner text-left\"  >\n\t\t\t\n\t\t\t\n\t<div id=\"gap-876749935\" class=\"gap-element clearfix\" style=\"display:block; height:auto;\">\n\t\t\n<style>\n#gap-876749935 {\n  padding-top: 40px;\n}\n<\/style>\n\t<\/div>\n\t\n\t<div id=\"text-523764593\" class=\"text\">\n\t\t\n<h1 class=\"h2 border-left m-tit\">Contact<\/h1>\n<p>You can contact us through any preferred communication channel; phone number or E-mail, and are more than welcome to come visit us at our office and drink a hot cup of coffee with us.<\/p>\n\t\t\n<style>\n#text-523764593 {\n  font-size: 1rem;\n}\n<\/style>\n\t<\/div>\n\t\n\t\t<\/div>\n\t\t\t\t\t<\/div>\n\n\t\n<\/div>\n\t\t<\/div>\n\n\t\t\n<style>\n#section_1042721538 {\n  padding-top: 30px;\n  padding-bottom: 30px;\n  min-height: 60vh;\n}\n#section_1042721538 .section-bg img {\n  object-position: 42% 17%;\n}\n#section_1042721538 .ux-shape-divider--bottom svg {\n  height: 150px;\n  --divider-width: 100%;\n}\n@media (min-width:550px) {\n  #section_1042721538 {\n    min-height: 45vh;\n  }\n}\n<\/style>\n\t<\/section>\n\t\n\t<div id=\"gap-77367966\" class=\"gap-element clearfix\" style=\"display:block; height:auto;\">\n\t\t\n<style>\n#gap-77367966 {\n  padding-top: 60px;\n}\n@media (min-width:550px) {\n  #gap-77367966 {\n    padding-top: 100px;\n  }\n}\n<\/style>\n\t<\/div>\n\t\n\n\t<section class=\"section\" id=\"section_1494255591\">\n\t\t<div class=\"section-bg fill\" >\n\t\t\t\t\t\t\t\t\t\n\t\t\t\n\n\t\t<\/div>\n\n\t\t\n\n\t\t<div class=\"section-content relative\">\n\t\t\t\n<div class=\"row row-large\" style=\"max-width:1359px\" id=\"row-847418200\">\n\n\t<div id=\"col-1532701475\" class=\"col show-for-small medium-6 small-12 large-6\"  >\n\t\t\t\t<div class=\"col-inner\"  >\n\t\t\t\n\t\t\t\n\t<div id=\"text-1729867679\" class=\"text\">\n\t\t\n<h2 class=\"h2 border-left\">Do you have a question?<\/h2>\n\t\t\n<style>\n#text-1729867679 {\n  text-align: left;\n}\n<\/style>\n\t<\/div>\n\t\n\t<div id=\"gap-600719785\" class=\"gap-element clearfix\" style=\"display:block; height:auto;\">\n\t\t\n<style>\n#gap-600719785 {\n  padding-top: 30px;\n}\n<\/style>\n\t<\/div>\n\t\n<p>We are happy to help you<\/p>\n\t<div id=\"gap-221484534\" class=\"gap-element clearfix\" style=\"display:block; height:auto;\">\n\t\t\n<style>\n#gap-221484534 {\n  padding-top: 30px;\n}\n<\/style>\n\t<\/div>\n\t\n\n<div class=\"wpcf7 no-js\" id=\"wpcf7-f3196-o1\" lang=\"en-US\" dir=\"ltr\" data-wpcf7-id=\"3196\">\n<div class=\"screen-reader-response\"><p role=\"status\" aria-live=\"polite\" aria-atomic=\"true\"><\/p> <ul><\/ul><\/div>\n<form action=\"\/en\/wp-json\/wp\/v2\/pages\/3091#wpcf7-f3196-o1\" method=\"post\" class=\"wpcf7-form init cf7mls-no-scroll cf7mls-no-moving-animation\" aria-label=\"Contact form\" novalidate=\"novalidate\" data-status=\"init\">\n<fieldset class=\"hidden-fields-container\"><input type=\"hidden\" name=\"_wpcf7\" value=\"3196\" \/><input type=\"hidden\" name=\"_wpcf7_version\" value=\"6.1.5\" \/><input type=\"hidden\" name=\"_wpcf7_locale\" value=\"en_US\" \/><input type=\"hidden\" name=\"_wpcf7_unit_tag\" value=\"wpcf7-f3196-o1\" \/><input type=\"hidden\" name=\"_wpcf7_container_post\" value=\"0\" \/><input type=\"hidden\" name=\"_wpcf7_posted_data_hash\" value=\"\" \/><input type=\"hidden\" name=\"_wpcf7_recaptcha_response\" value=\"\" \/>\n<\/fieldset>\n<input class=\"wpcf7-form-control wpcf7-hidden\" id=\"thankyouURL\" value=\"https:\/\/wpm.si\/en\/inquiry-wpm\/\" type=\"hidden\" name=\"thankyouURL\" \/>\n<p><label><span class=\"wpcf7-form-control-wrap\" data-name=\"your-name\"><input size=\"40\" maxlength=\"400\" class=\"wpcf7-form-control wpcf7-text wpcf7-validates-as-required\" aria-required=\"true\" aria-invalid=\"false\" placeholder=\"Name and surname*\" value=\"\" type=\"text\" name=\"your-name\" \/><\/span><\/label>\n<\/p>\n<p><label><span class=\"wpcf7-form-control-wrap\" data-name=\"your-email\"><input size=\"40\" maxlength=\"400\" class=\"wpcf7-form-control wpcf7-email wpcf7-validates-as-required wpcf7-text wpcf7-validates-as-email\" aria-required=\"true\" aria-invalid=\"false\" placeholder=\"E-mail*\" value=\"\" type=\"email\" name=\"your-email\" \/><\/span><\/label>\n<\/p>\n<p><label><span class=\"wpcf7-form-control-wrap\" data-name=\"your-message\"><textarea cols=\"40\" rows=\"10\" maxlength=\"2000\" class=\"wpcf7-form-control wpcf7-textarea wpcf7-validates-as-required\" aria-required=\"true\" aria-invalid=\"false\" placeholder=\"Message*\" name=\"your-message\"><\/textarea><\/span><\/label>\n<\/p>\n<div class=\"kontaktform\">\n\t<p><input class=\"wpcf7-form-control wpcf7-submit has-spinner\" type=\"submit\" value=\"Send\" \/>\n\t<\/p>\n<\/div>\n<p><script>\ndocument.addEventListener( 'wpcf7mailsent', function( event ) {\n var thankyouURL = document.getElementById(\"thankyouURL\").value;\n location = thankyouURL;\n}, false );\n<\/script>\n<\/p><div class=\"wpcf7-response-output\" aria-hidden=\"true\"><\/div>\n<\/form>\n<\/div>\n\n\t\t<\/div>\n\t\t\t\t\t<\/div>\n\n\t\n\n\t<div id=\"col-1448503912\" class=\"col medium-6 small-12 large-6\"  >\n\t\t\t\t<div class=\"col-inner\"  >\n\t\t\t\n\t\t\t\n\t<div id=\"text-3664482081\" class=\"text\">\n\t\t\n<h2 class=\"h2 border-left\">WPM, spletne storitve, d.o.o.<\/h2>\n\t\t\n<style>\n#text-3664482081 {\n  text-align: left;\n}\n<\/style>\n\t<\/div>\n\t\n\t<div id=\"gap-300831816\" class=\"gap-element clearfix\" style=\"display:block; height:auto;\">\n\t\t\n<style>\n#gap-300831816 {\n  padding-top: 30px;\n}\n<\/style>\n\t<\/div>\n\t\n\n\t\t<div class=\"icon-box featured-box icon-box-left text-left\"  >\n\t\t\t\t\t<div class=\"icon-box-img\" style=\"width: 30px\">\n\t\t\t\t<div class=\"icon\">\n\t\t\t\t\t<div class=\"icon-inner\" style=\"color:rgb(255, 255, 255);\">\n\t\t\t\t\t\t<?xml version=\"1.0\" encoding=\"UTF-8\"?>\n<svg id=\"SvgjsSvg1001\" xmlns=\"http:\/\/www.w3.org\/2000\/svg\" viewBox=\"0 0 200 200\">\n  <defs>\n    <style>\n      .cls-1 {\n        fill: none;\n        stroke: #232323;\n        stroke-miterlimit: 10;\n        stroke-width: 11px;\n      }\n    <\/style>\n  <\/defs>\n  <path class=\"cls-1\" d=\"m9.07,53.95c-.14-8.53,2.1-16.46,5.99-23.97,1.93-3.72,4.17-7.23,6.72-10.57,3.14-4.11,7.16-6.79,12.18-8.06,3.47-.88,6.93-1.8,10.49-2.16,1.38-.14,2.78-.14,4.17-.12,1.19,0,2.25.46,2.94,1.44,1.2,1.68,2.45,3.35,3.46,5.15,4.04,7.19,7.96,14.44,11.99,21.63,1.29,2.29,2.8,4.46,4.21,6.69.94,1.5,1.89,2.99,2.81,4.5.27.45.47.94.67,1.43.88,2.14.72,4.18-.56,6.14-1.35,2.07-3.02,3.87-4.87,5.47-2.99,2.58-6.11,5.02-9.13,7.58-1.67,1.41-3.26,2.91-4.85,4.41-.63.59-1.17,1.28-1.73,1.94-1.72,1.98-2.12,4.18-1.04,6.61.46,1.03.8,2.13,1.37,3.09,3.46,5.83,6.74,11.76,10.57,17.37,8.98,13.17,19.99,24.32,33.26,33.14,5.51,3.66,11.26,6.99,16.95,10.38,1.31.78,2.82,1.23,4.25,1.79,1.73.67,3.37.37,4.8-.72,1.2-.91,2.41-1.85,3.39-2.96,2.61-2.96,5.14-6.01,7.64-9.07,2.49-3.04,5.07-5.98,8.17-8.42,1.58-1.24,3.31-2.19,5.41-1.75,1.06.22,2.12.56,3.07,1.06,1.46.77,2.89,1.63,4.22,2.6,3.64,2.65,7.58,4.78,11.49,6.95,6.25,3.47,12.53,6.89,18.77,10.39,1.27.71,2.43,1.64,3.59,2.54.9.7,1.47,1.66,1.45,2.82-.03,1.88-.03,3.77-.27,5.62-.55,4.11-1.61,8.11-2.92,12.05-1.13,3.41-3.26,6.1-5.98,8.34-7.38,6.06-15.61,10.48-24.97,12.6-7.54,1.71-15.03,1.31-22.48-.64-5.87-1.54-11.51-3.75-17.19-5.85-3.91-1.45-7.83-2.91-11.68-4.51-7.12-2.96-13.77-6.77-20.12-11.13-7.35-5.04-14.22-10.67-20.78-16.69-6.31-5.79-12.32-11.87-18.01-18.27-7.67-8.64-14.68-17.77-20.34-27.89-3.08-5.5-5.61-11.24-7.77-17.15-2.03-5.55-4.11-11.08-6.01-16.67-1.4-4.1-2.52-8.28-2.97-12.61-.16-1.5-.25-3-.37-4.5Z\"\/>\n<\/svg>\t\t\t\t\t<\/div>\n\t\t\t\t<\/div>\n\t\t\t<\/div>\n\t\t\t\t<div class=\"icon-box-text last-reset\">\n\t\t\t\t\t\t\t\t\t\n<p><a href=\"tel:0038659156464\">+386 59\/15-64-64<\/a><\/p>\n\t\t<\/div>\n\t<\/div>\n\t\n\t\n\t<div id=\"gap-1973066769\" class=\"gap-element clearfix\" style=\"display:block; height:auto;\">\n\t\t\n<style>\n#gap-1973066769 {\n  padding-top: 15px;\n}\n<\/style>\n\t<\/div>\n\t\n\n\t\t<div class=\"icon-box featured-box icon-box-left text-left\"  >\n\t\t\t\t\t<div class=\"icon-box-img\" style=\"width: 30px\">\n\t\t\t\t<div class=\"icon\">\n\t\t\t\t\t<div class=\"icon-inner\" >\n\t\t\t\t\t\t<img loading=\"lazy\" decoding=\"async\" width=\"1\" height=\"1\" src=\"https:\/\/wpm.si\/wp-content\/uploads\/2023\/03\/mail-wpm.svg\" class=\"attachment-medium size-medium\" alt=\"\" \/>\t\t\t\t\t<\/div>\n\t\t\t\t<\/div>\n\t\t\t<\/div>\n\t\t\t\t<div class=\"icon-box-text last-reset\">\n\t\t\t\t\t\t\t\t\t\n<p><a href=\"mailto:info@wpm.si\">info@wpm.si<\/a><\/p>\n\t\t<\/div>\n\t<\/div>\n\t\n\t\n\t<div id=\"gap-111303273\" class=\"gap-element clearfix\" style=\"display:block; height:auto;\">\n\t\t\n<style>\n#gap-111303273 {\n  padding-top: 15px;\n}\n<\/style>\n\t<\/div>\n\t\n\n\t<a class=\"plain\" href=\"https:\/\/maps.app.goo.gl\/F5t69VqdPLskumhm7\" target=\"_blank\" rel=\"noopener\">\t<div class=\"icon-box featured-box icon-box-left text-left\"  >\n\t\t\t\t\t<div class=\"icon-box-img\" style=\"width: 30px\">\n\t\t\t\t<div class=\"icon\">\n\t\t\t\t\t<div class=\"icon-inner\" >\n\t\t\t\t\t\t<img loading=\"lazy\" decoding=\"async\" width=\"200\" height=\"200\" src=\"https:\/\/wpm.si\/wp-content\/uploads\/2022\/04\/Lokacija-1.svg\" class=\"attachment-medium size-medium\" alt=\"\" \/>\t\t\t\t\t<\/div>\n\t\t\t\t<\/div>\n\t\t\t<\/div>\n\t\t\t\t<div class=\"icon-box-text last-reset\">\n\t\t\t\t\t\t\t\t\t\n<p>Brn\u010di\u010deva ulica 13, 1231 Ljubljana &#8211; \u010crnu\u010de<\/p>\n\t\t<\/div>\n\t<\/div>\n\t<\/a>\n\t\n\t<div id=\"gap-574089578\" class=\"gap-element clearfix\" style=\"display:block; height:auto;\">\n\t\t\n<style>\n#gap-574089578 {\n  padding-top: 32px;\n}\n<\/style>\n\t<\/div>\n\t\n<a href=\"https:\/\/wpm.si\/en\/about-us\/\" class=\"button primary\" style=\"padding:px 0px 0px 0px;\">\n\t\t<span>More about us<\/span>\n\t<\/a>\n\n\t<div id=\"gap-1348719297\" class=\"gap-element clearfix\" style=\"display:block; height:auto;\">\n\t\t\n<style>\n#gap-1348719297 {\n  padding-top: 40px;\n}\n@media (min-width:550px) {\n  #gap-1348719297 {\n    padding-top: 50px;\n  }\n}\n<\/style>\n\t<\/div>\n\t\n<h2 class=\"h2 border-left\">Company information:\t\t<\/h2>\n\t<div id=\"gap-779199528\" class=\"gap-element clearfix\" style=\"display:block; height:auto;\">\n\t\t\n<style>\n#gap-779199528 {\n  padding-top: 30px;\n}\n<\/style>\n\t<\/div>\n\t\n<p>Tax number: SI91599121 <\/p>\n<p>Registration number: 2271141000<\/p>\n<p>IBAN: SI56 0313 1100 0568 131, opened at SKB d.d.\t\t<\/p>\n\t\t<\/div>\n\t\t\t\t\t<\/div>\n\n\t\n\n\t<div id=\"col-844949604\" class=\"col hide-for-small medium-6 small-12 large-6\"  >\n\t\t\t\t<div class=\"col-inner\"  >\n\t\t\t\n\t\t\t\n\t<div id=\"text-2764910393\" class=\"text\">\n\t\t\n<h2 class=\"h2 border-left\">Do you have a question?\t\t<\/h2>\n\t\t\n<style>\n#text-2764910393 {\n  text-align: left;\n}\n<\/style>\n\t<\/div>\n\t\n\t<div id=\"gap-1733315812\" class=\"gap-element clearfix\" style=\"display:block; height:auto;\">\n\t\t\n<style>\n#gap-1733315812 {\n  padding-top: 30px;\n}\n<\/style>\n\t<\/div>\n\t\n<p>We are happy to help you\t\t<\/p>\n\t<div id=\"gap-958511419\" class=\"gap-element clearfix\" style=\"display:block; height:auto;\">\n\t\t\n<style>\n#gap-958511419 {\n  padding-top: 30px;\n}\n<\/style>\n\t<\/div>\n\t\n\n<div class=\"wpcf7 no-js\" id=\"wpcf7-f4651-o2\" lang=\"en-US\" dir=\"ltr\" data-wpcf7-id=\"4651\">\n<div class=\"screen-reader-response\"><p role=\"status\" aria-live=\"polite\" aria-atomic=\"true\"><\/p> <ul><\/ul><\/div>\n<form action=\"\/en\/wp-json\/wp\/v2\/pages\/3091#wpcf7-f4651-o2\" method=\"post\" class=\"wpcf7-form init cf7mls-no-scroll cf7mls-no-moving-animation\" aria-label=\"Contact form\" novalidate=\"novalidate\" data-status=\"init\">\n<fieldset class=\"hidden-fields-container\"><input type=\"hidden\" name=\"_wpcf7\" value=\"4651\" \/><input type=\"hidden\" name=\"_wpcf7_version\" value=\"6.1.5\" \/><input type=\"hidden\" name=\"_wpcf7_locale\" value=\"en_US\" \/><input type=\"hidden\" name=\"_wpcf7_unit_tag\" value=\"wpcf7-f4651-o2\" \/><input type=\"hidden\" name=\"_wpcf7_container_post\" value=\"0\" \/><input type=\"hidden\" name=\"_wpcf7_posted_data_hash\" value=\"\" \/><input type=\"hidden\" name=\"_wpcf7_recaptcha_response\" value=\"\" \/>\n<\/fieldset>\n<input class=\"wpcf7-form-control wpcf7-hidden\" value=\"https:\/\/wpm.si\/en\/inquiry-wpm\/\" type=\"hidden\" name=\"thankyouURL\" \/>\n<p><label><span class=\"wpcf7-form-control-wrap\" data-name=\"your-name\"><input size=\"40\" maxlength=\"400\" class=\"wpcf7-form-control wpcf7-text wpcf7-validates-as-required\" aria-required=\"true\" aria-invalid=\"false\" placeholder=\"Name and surname*\" value=\"\" type=\"text\" name=\"your-name\" \/><\/span><\/label>\n<\/p>\n<p><label><span class=\"wpcf7-form-control-wrap\" data-name=\"your-email\"><input size=\"40\" maxlength=\"400\" class=\"wpcf7-form-control wpcf7-email wpcf7-validates-as-required wpcf7-text wpcf7-validates-as-email\" aria-required=\"true\" aria-invalid=\"false\" placeholder=\"E-mail*\" value=\"\" type=\"email\" name=\"your-email\" \/><\/span><\/label>\n<\/p>\n<p><label><span class=\"wpcf7-form-control-wrap\" data-name=\"your-message\"><textarea cols=\"40\" rows=\"10\" maxlength=\"2000\" class=\"wpcf7-form-control wpcf7-textarea wpcf7-validates-as-required\" aria-required=\"true\" aria-invalid=\"false\" placeholder=\"Message*\" name=\"your-message\"><\/textarea><\/span><\/label>\n<\/p>\n<div class=\"kontaktform\">\n\t<p><input class=\"wpcf7-form-control wpcf7-submit has-spinner\" type=\"submit\" value=\"Send\" \/>\n\t<\/p>\n<\/div>\n<p><script>\ndocument.addEventListener( 'wpcf7mailsent', function( event ) {\n var thankyouURL = document.getElementById(\"thankyouURL\").value;\n location = thankyouURL;\n}, false );\n<\/script>\n<\/p><div class=\"wpcf7-response-output\" aria-hidden=\"true\"><\/div>\n<\/form>\n<\/div>\n\n\t\t<\/div>\n\t\t\t\t\t<\/div>\n\n\t\n<\/div>\n\t<div id=\"gap-1371835170\" class=\"gap-element clearfix\" style=\"display:block; height:auto;\">\n\t\t\n<style>\n#gap-1371835170 {\n  padding-top: 50px;\n}\n<\/style>\n\t<\/div>\n\t\n\n\t<script type=\"text\/javascript\">\n  jQuery( document ).ready(function() {\n    function initialize() {\n        var styles = {\n            'flatsome':  [{\n            \"featureType\": \"administrative\",\n            \"stylers\": [\n              { \"visibility\": \"on\" }\n            ]\n          },\n          {\n            \"featureType\": \"road\",\n            \"stylers\": [\n              { \"visibility\": \"on\" },\n              { \"hue\": \"\" }\n            ]\n          },\n          {\n            \"stylers\": [\n\t\t\t  { \"visibility\": \"on\" },\n\t\t\t  { \"hue\": \"\" },\n\t\t\t  { \"saturation\": 0 }\n            ]\n          }\n        ]};\n\n        var myLatlng = new google.maps.LatLng(46.098708, 14.5397815);\n        var myOptions = {\n            zoom: 14,\n            center: myLatlng,\n            mapTypeId: google.maps.MapTypeId.ROADMAP,\n            disableDefaultUI: true,\n            mapTypeId: 'flatsome',\n            draggable: false,\n            zoomControl: false,\n            zoomControlOptions: {\n              position: google.maps.ControlPosition.TOP_LEFT\n            },\n      \t\t\tmapTypeControl: false,\n            mapTypeControlOptions: {\n              position: google.maps.ControlPosition.TOP_LEFT\n            },\n      \t\t\tstreetViewControl: false,\n            streetViewControlOptions: {\n              position: google.maps.ControlPosition.TOP_LEFT\n            },\n            scrollwheel: false,\n            disableDoubleClickZoom: true\n        }\n        var map = new google.maps.Map(document.getElementById(\"map-1307905544-inner\"), myOptions);\n        var styledMapType = new google.maps.StyledMapType(styles['flatsome'], {name: 'flatsome'});\n        map.mapTypes.set('flatsome', styledMapType);\n\n        var marker = new google.maps.Marker({\n            position: myLatlng,\n            map: map,\n            title:\"\"\n        });\n    }\n\n    \/\/ Required to proceed\n    if (!(typeof google === 'object' && typeof google.maps === 'object')) {\n      return\n    }\n\n    initialize()\n    google.maps.event.addDomListener(window, 'resize', initialize);\n    });\n    <\/script>\n\n    <div class=\"google-map relative mb mapa\" id=\"map-1307905544\">\n        <div class=\"map-height\" id=\"map-1307905544-inner\"><\/div>\n        <div id=\"map_overlay_top\"><\/div>\n        <div id=\"map_overlay_bottom\"><\/div>\n                  <div class=\"map_inner map-inner last-reset absolute x100 md-x50 lg-x50 y100 md-y100 lg-y100\">\n              \n\t<div id=\"text-160462774\" class=\"text font-light\">\n\t\t\n<p>Brn\u010di\u010deva ulica 13, 1231 Ljubljana &#8211; \u010crnu\u010de<\/p>\n\t\t\n<style>\n#text-160462774 {\n  font-size: 1.2rem;\n}\n<\/style>\n\t<\/div>\n\t\n         <\/div>\n       \n       \n<style>\n#map-1307905544 .map-inner {\n  background-color: rgb(255, 255, 255);\n  max-width: 100%;\n}\n#map-1307905544 .map-height {\n  height: 500px;\n}\n@media (min-width:550px) {\n  #map-1307905544 .map-inner {\n    max-width: 40%;\n  }\n}\n@media (min-width:850px) {\n  #map-1307905544 .map-inner {\n    max-width: 50%;\n  }\n}\n<\/style>\n    <\/div>\n\n\t\n\t\t<\/div>\n\n\t\t\n<style>\n#section_1494255591 {\n  padding-top: 0px;\n  padding-bottom: 0px;\n}\n<\/style>\n\t<\/section>\n\t\n","protected":false},"excerpt":{"rendered":"","protected":false},"author":1,"featured_media":0,"parent":0,"menu_order":0,"comment_status":"closed","ping_status":"closed","template":"page-transparent-header.php","meta":{"footnotes":""},"class_list":["post-3091","page","type-page","status-publish","hentry"],"_links":{"self":[{"href":"https:\/\/wpm.si\/en\/wp-json\/wp\/v2\/pages\/3091","targetHints":{"allow":["GET"]}}],"collection":[{"href":"https:\/\/wpm.si\/en\/wp-json\/wp\/v2\/pages"}],"about":[{"href":"https:\/\/wpm.si\/en\/wp-json\/wp\/v2\/types\/page"}],"author":[{"embeddable":true,"href":"https:\/\/wpm.si\/en\/wp-json\/wp\/v2\/users\/1"}],"replies":[{"embeddable":true,"href":"https:\/\/wpm.si\/en\/wp-json\/wp\/v2\/comments?post=3091"}],"version-history":[{"count":2,"href":"https:\/\/wpm.si\/en\/wp-json\/wp\/v2\/pages\/3091\/revisions"}],"predecessor-version":[{"id":12110,"href":"https:\/\/wpm.si\/en\/wp-json\/wp\/v2\/pages\/3091\/revisions\/12110"}],"wp:attachment":[{"href":"https:\/\/wpm.si\/en\/wp-json\/wp\/v2\/media?parent=3091"}],"curies":[{"name":"wp","href":"https:\/\/api.w.org\/{rel}","templated":true}]}}